{"id":1283,"date":"2022-01-06T14:43:59","date_gmt":"2022-01-06T14:43:59","guid":{"rendered":"https:\/\/hartmanstoffen.nl\/?page_id=1283"},"modified":"2022-01-06T14:43:59","modified_gmt":"2022-01-06T14:43:59","slug":"verzenden-retourneren","status":"publish","type":"page","link":"https:\/\/hartmanstoffen.nl\/de\/verzenden-retourneren\/","title":{"rendered":"Versand &amp; R\u00fccksendungen"},"content":{"rendered":"<h2 class=\"western\"><b>Lieferung und Lieferzeit<\/b><\/h2>\n<p>Bestellungen werden so schnell wie m\u00f6glich geliefert. Grunds\u00e4tzlich strebt Hartmanstoffen an, Bestellungen innerhalb von vier (4) Werktagen zu versenden. Die Dauer der Lieferung h\u00e4ngt von der von Ihnen gew\u00e4hlten Versandart und Ihrer Lieferadresse ab. Die Zustellung bei Paketsendungen innerhalb der Niederlande erfolgt in der Regel am n\u00e4chsten Werktag. Die angegebene Lieferzeit ist nur ein Anhaltspunkt und ist niemals eine strikte Frist. Hartmanstoffen kann auf der Internetseite weitere Angaben zu Lieferzeiten machen oder auf andere Weise schriftlich bekannt geben. Solche Informationen sind nur indikativ. Die maximale Lieferzeit betr\u00e4gt drei\u00dfig (30) Tage, sofern nicht anders vereinbart. Sollte diese Lieferzeit nicht m\u00f6glich sein, werden wir Sie informieren. Verz\u00f6gert sich die Lieferung oder kann eine Bestellung nicht oder nur teilweise ausgef\u00fchrt werden, wird dies dem Verbraucher sp\u00e4testens drei\u00dfig (30) Tage nach Aufgabe der Bestellung mitgeteilt. In diesem Fall hat der Verbraucher das Recht, den Vertrag kostenlos aufzul\u00f6sen. Nach der Aufl\u00f6sung wird der Unternehmer den vom Verbraucher bezahlten Betrag unverz\u00fcglich zur\u00fcckerstatten.<\/p>\n<p>Indien een product dat tijdelijk niet op voorraad is door de koper wordt besteld, zal worden aangegeven wanneer het product weer beschikbaar is. Vertragingen zullen aan de koper per e-mail of telefonisch worden gemeld.<\/p>\n<p>Die Lieferung erfolgt an die vom K\u00e4ufer bei Vertragsschluss angegebene Adresse.<\/p>\n<p>Das Risiko des Verlustes oder der Besch\u00e4digung des vertragsgegenst\u00e4ndlichen Produkts steht dem Kunden in dem Zeitpunkt zu, in dem diese rechtlich und\/oder tats\u00e4chlich an den Kunden ausgeliefert und damit in die Kontrolle des Kunden oder eines vom Kunden zu benennenden Dritten gebracht werden.<\/p>\n<p>F\u00fcr Lieferungen ins Ausland k\u00f6nnen abweichende Bedingungen gelten.<\/p>\n<h2 class=\"western\"><b>Umtausch und Widerrufsrecht<\/b><\/h2>\n<p>Der K\u00e4ufer ist verpflichtet, die Produkte unverz\u00fcglich nach Erhalt sorgf\u00e4ltig zu pr\u00fcfen (bzw. pr\u00fcfen zu lassen). Vereinbarungen mit dem K\u00e4ufer, bei denen nur elektronische Kommunikation verwendet wird, hat der K\u00e4ufer das Recht ohne Strafe und ohne Vorank\u00fcndigung innerhalb von drei\u00dfig (30) Tagen nach Lieferung des betreffenden Produkts ein Widerrufsrecht auszu\u00fcben. Von diesem Widerrufsrecht ausgenommen sind Produkte, die:<\/p>\n<p>- zugeschnitten und\/oder zugeschnitten wurden (Artikel, die bereits zum Zwecke der Bestellung zugeschnitten wurden, k\u00f6nnen nicht mehr storniert werden, wenn Sie z.B. Artikel f\u00fcr ein Set gesucht haben , bitte vermerken Sie dies bei den Hinweisen, damit wir diese ber\u00fccksichtigen k\u00f6nnen);<\/p>\n<p>- werden nach Angaben des K\u00e4ufers angefertigt;<\/p>\n<p>- eindeutig pers\u00f6nlicher Natur;<\/p>\n<p>- aufgrund ihrer Beschaffenheit nicht zur\u00fcckgegeben werden k\u00f6nnen;<\/p>\n<p>- sich schnell verschlechtern oder veralten k\u00f6nnen;<\/p>\n<p>- Aufnahmen und Computersoftware, wenn der K\u00e4ufer ihr Siegel gebrochen hat;<\/p>\n<p>- von Zeitungen und Zeitschriften<\/p>\n<p>Hat der K\u00e4ufer von seinem Widerrufsrecht wie im vorstehenden Absatz beschrieben Gebrauch gemacht, wird Hartmanstoffen innerhalb von vierzehn (14) Tagen eine R\u00fcckerstattung veranlassen.<\/p>\n<p>Hat der Verbraucher-K\u00e4ufer eine Sendung per Nachnahme bestellt und wird diese verweigert, werden die Versandkosten sowie der Nachnahmezuschlag und die Verwaltungskosten gesondert berechnet.<\/p>","protected":false},"excerpt":{"rendered":"<p>Levering en leveringstijd Bestellingen worden zo snel mogelijk afgeleverd. In beginsel streeft Hartmanstoffen ernaar om bestellingen binnen vier (4) werkdagen te verzenden. De duur van de bezorging is afhankelijk van de soort verzending die u gekozen hebt en uw leveringsadres. De bezorging bij pakketverzending binnen Nederland wordt doorgaans de volgende werkdag bezorgd. Genoemde levertijd geldt &#8230; <a title=\"Verzenden &#038; Retourneren\" class=\"read-more\" href=\"https:\/\/hartmanstoffen.nl\/de\/verzenden-retourneren\/\" aria-label=\"Mehr dazu unter Verzenden &#038; Retourneren\">Weiterlesen<\/a><\/p>","protected":false},"author":7,"featured_media":0,"parent":0,"menu_order":0,"comment_status":"closed","ping_status":"closed","template":"","meta":{"footnotes":""},"class_list":["post-1283","page","type-page","status-publish"],"yoast_head":"<!-- This site is optimized with the Yoast SEO plugin v27.4 - https:\/\/yoast.com\/product\/yoast-seo-wordpress\/ -->\n<title>Verzenden &amp; Retourneren -<\/title>\n<meta name=\"robots\" content=\"index, follow, max-snippet:-1, max-image-preview:large, max-video-preview:-1\" \/>\n<link rel=\"canonical\" href=\"https:\/\/hartmanstoffen.nl\/de\/verzenden-retourneren\/\" \/>\n<meta property=\"og:locale\" content=\"de_DE\" \/>\n<meta property=\"og:type\" content=\"article\" \/>\n<meta property=\"og:title\" content=\"Verzenden &amp; Retourneren -\" \/>\n<meta property=\"og:description\" content=\"Levering en leveringstijd Bestellingen worden zo snel mogelijk afgeleverd. In beginsel streeft Hartmanstoffen ernaar om bestellingen binnen vier (4) werkdagen te verzenden. De duur van de bezorging is afhankelijk van de soort verzending die u gekozen hebt en uw leveringsadres. De bezorging bij pakketverzending binnen Nederland wordt doorgaans de volgende werkdag bezorgd. Genoemde levertijd geldt ... Weiterlesen\" \/>\n<meta property=\"og:url\" content=\"https:\/\/hartmanstoffen.nl\/de\/verzenden-retourneren\/\" \/>\n<meta name=\"twitter:card\" content=\"summary_large_image\" \/>\n<meta name=\"twitter:label1\" content=\"Gesch\u00e4tzte Lesezeit\" \/>\n\t<meta name=\"twitter:data1\" content=\"2\u00a0Minuten\" \/>\n<script type=\"application\/ld+json\" class=\"yoast-schema-graph\">{\"@context\":\"https:\\\/\\\/schema.org\",\"@graph\":[{\"@type\":\"WebPage\",\"@id\":\"https:\\\/\\\/hartmanstoffen.nl\\\/verzenden-retourneren\\\/\",\"url\":\"https:\\\/\\\/hartmanstoffen.nl\\\/verzenden-retourneren\\\/\",\"name\":\"Verzenden & Retourneren -\",\"isPartOf\":{\"@id\":\"https:\\\/\\\/hartmanstoffen.nl\\\/de\\\/#website\"},\"datePublished\":\"2022-01-06T14:43:59+00:00\",\"breadcrumb\":{\"@id\":\"https:\\\/\\\/hartmanstoffen.nl\\\/verzenden-retourneren\\\/#breadcrumb\"},\"inLanguage\":\"de\",\"potentialAction\":[{\"@type\":\"ReadAction\",\"target\":[\"https:\\\/\\\/hartmanstoffen.nl\\\/verzenden-retourneren\\\/\"]}]},{\"@type\":\"BreadcrumbList\",\"@id\":\"https:\\\/\\\/hartmanstoffen.nl\\\/verzenden-retourneren\\\/#breadcrumb\",\"itemListElement\":[{\"@type\":\"ListItem\",\"position\":1,\"name\":\"Home\",\"item\":\"https:\\\/\\\/hartmanstoffen.nl\\\/nl\\\/\"},{\"@type\":\"ListItem\",\"position\":2,\"name\":\"Verzenden &#038; Retourneren\"}]},{\"@type\":\"WebSite\",\"@id\":\"https:\\\/\\\/hartmanstoffen.nl\\\/de\\\/#website\",\"url\":\"https:\\\/\\\/hartmanstoffen.nl\\\/de\\\/\",\"name\":\"\",\"description\":\"\",\"potentialAction\":[{\"@type\":\"SearchAction\",\"target\":{\"@type\":\"EntryPoint\",\"urlTemplate\":\"https:\\\/\\\/hartmanstoffen.nl\\\/de\\\/?s={search_term_string}\"},\"query-input\":{\"@type\":\"PropertyValueSpecification\",\"valueRequired\":true,\"valueName\":\"search_term_string\"}}],\"inLanguage\":\"de\"}]}<\/script>\n<!-- \/ Yoast SEO plugin. -->","yoast_head_json":{"title":"Verzenden & Retourneren -","robots":{"index":"index","follow":"follow","max-snippet":"max-snippet:-1","max-image-preview":"max-image-preview:large","max-video-preview":"max-video-preview:-1"},"canonical":"https:\/\/hartmanstoffen.nl\/de\/verzenden-retourneren\/","og_locale":"de_DE","og_type":"article","og_title":"Verzenden & Retourneren -","og_description":"Levering en leveringstijd Bestellingen worden zo snel mogelijk afgeleverd. In beginsel streeft Hartmanstoffen ernaar om bestellingen binnen vier (4) werkdagen te verzenden. De duur van de bezorging is afhankelijk van de soort verzending die u gekozen hebt en uw leveringsadres. De bezorging bij pakketverzending binnen Nederland wordt doorgaans de volgende werkdag bezorgd. Genoemde levertijd geldt ... Weiterlesen","og_url":"https:\/\/hartmanstoffen.nl\/de\/verzenden-retourneren\/","twitter_card":"summary_large_image","twitter_misc":{"Gesch\u00e4tzte Lesezeit":"2\u00a0Minuten"},"schema":{"@context":"https:\/\/schema.org","@graph":[{"@type":"WebPage","@id":"https:\/\/hartmanstoffen.nl\/verzenden-retourneren\/","url":"https:\/\/hartmanstoffen.nl\/verzenden-retourneren\/","name":"Verzenden & Retourneren -","isPartOf":{"@id":"https:\/\/hartmanstoffen.nl\/de\/#website"},"datePublished":"2022-01-06T14:43:59+00:00","breadcrumb":{"@id":"https:\/\/hartmanstoffen.nl\/verzenden-retourneren\/#breadcrumb"},"inLanguage":"de","potentialAction":[{"@type":"ReadAction","target":["https:\/\/hartmanstoffen.nl\/verzenden-retourneren\/"]}]},{"@type":"BreadcrumbList","@id":"https:\/\/hartmanstoffen.nl\/verzenden-retourneren\/#breadcrumb","itemListElement":[{"@type":"ListItem","position":1,"name":"Home","item":"https:\/\/hartmanstoffen.nl\/nl\/"},{"@type":"ListItem","position":2,"name":"Verzenden &#038; Retourneren"}]},{"@type":"WebSite","@id":"https:\/\/hartmanstoffen.nl\/de\/#website","url":"https:\/\/hartmanstoffen.nl\/de\/","name":"","description":"","potentialAction":[{"@type":"SearchAction","target":{"@type":"EntryPoint","urlTemplate":"https:\/\/hartmanstoffen.nl\/de\/?s={search_term_string}"},"query-input":{"@type":"PropertyValueSpecification","valueRequired":true,"valueName":"search_term_string"}}],"inLanguage":"de"}]}},"_links":{"self":[{"href":"https:\/\/hartmanstoffen.nl\/de\/wp-json\/wp\/v2\/pages\/1283","targetHints":{"allow":["GET"]}}],"collection":[{"href":"https:\/\/hartmanstoffen.nl\/de\/wp-json\/wp\/v2\/pages"}],"about":[{"href":"https:\/\/hartmanstoffen.nl\/de\/wp-json\/wp\/v2\/types\/page"}],"author":[{"embeddable":true,"href":"https:\/\/hartmanstoffen.nl\/de\/wp-json\/wp\/v2\/users\/7"}],"replies":[{"embeddable":true,"href":"https:\/\/hartmanstoffen.nl\/de\/wp-json\/wp\/v2\/comments?post=1283"}],"version-history":[{"count":1,"href":"https:\/\/hartmanstoffen.nl\/de\/wp-json\/wp\/v2\/pages\/1283\/revisions"}],"predecessor-version":[{"id":1284,"href":"https:\/\/hartmanstoffen.nl\/de\/wp-json\/wp\/v2\/pages\/1283\/revisions\/1284"}],"wp:attachment":[{"href":"https:\/\/hartmanstoffen.nl\/de\/wp-json\/wp\/v2\/media?parent=1283"}],"curies":[{"name":"wp","href":"https:\/\/api.w.org\/{rel}","templated":true}]}}